{"id":319,"date":"2022-06-11T10:19:57","date_gmt":"2022-06-11T15:19:57","guid":{"rendered":"https:\/\/www.inversionesquiaza.com\/?page_id=319"},"modified":"2022-08-22T12:19:03","modified_gmt":"2022-08-22T17:19:03","slug":"nosotros","status":"publish","type":"page","link":"https:\/\/quiaza.com\/en\/nosotros\/","title":{"rendered":"About us"},"content":{"rendered":"<div data-elementor-type=\"wp-page\" data-elementor-id=\"319\" class=\"elementor elementor-319\" data-elementor-post-type=\"page\">\n\t\t\t\t\t\t<section class=\"elementor-section elementor-top-section elementor-element elementor-element-f6e1466 elementor-section-height-min-height elementor-section-boxed elementor-section-height-default elementor-section-items-middle\" data-id=\"f6e1466\" data-element_type=\"section\" data-e-type=\"section\" data-settings=\"{&quot;background_background&quot;:&quot;classic&quot;}\">\n\t\t\t\t\t\t\t<div class=\"elementor-background-overlay\"><\/div>\n\t\t\t\t\t\t\t<div class=\"elementor-container elementor-column-gap-default\">\n\t\t\t\t\t<div class=\"elementor-column elementor-col-100 elementor-top-column elementor-element elementor-element-13fd4e5\" data-id=\"13fd4e5\" data-element_type=\"column\" data-e-type=\"column\">\n\t\t\t<div class=\"elementor-widget-wrap elementor-element-populated\">\n\t\t\t\t\t\t\t<\/div>\n\t\t<\/div>\n\t\t\t\t\t<\/div>\n\t\t<\/section>\n\t\t\t\t<section class=\"elementor-section elementor-top-section elementor-element elementor-element-31a9e7c elementor-section-boxed elementor-section-height-default elementor-section-height-default\" data-id=\"31a9e7c\" data-element_type=\"section\" data-e-type=\"section\" data-settings=\"{&quot;background_background&quot;:&quot;classic&quot;}\">\n\t\t\t\t\t\t<div class=\"elementor-container elementor-column-gap-default\">\n\t\t\t\t\t<div class=\"elementor-column elementor-col-100 elementor-top-column elementor-element elementor-element-98fd538\" data-id=\"98fd538\" data-element_type=\"column\" data-e-type=\"column\">\n\t\t\t<div class=\"elementor-widget-wrap elementor-element-populated\">\n\t\t\t\t\t\t<div class=\"elementor-element elementor-element-a153d01 elementor-widget elementor-widget-breadcrumbs\" data-id=\"a153d01\" data-element_type=\"widget\" data-e-type=\"widget\" data-widget_type=\"breadcrumbs.default\">\n\t\t\t\t<div class=\"elementor-widget-container\">\n\t\t\t\t\t<p id=\"breadcrumbs\"><span><span><a href=\"https:\/\/quiaza.com\/en\/\">Home<\/a><\/span><\/span><\/p>\t\t\t\t<\/div>\n\t\t\t\t<\/div>\n\t\t\t\t\t<\/div>\n\t\t<\/div>\n\t\t\t\t\t<\/div>\n\t\t<\/section>\n\t\t\t\t<section class=\"elementor-section elementor-top-section elementor-element elementor-element-a0db3c7 elementor-section-boxed elementor-section-height-default elementor-section-height-default\" data-id=\"a0db3c7\" data-element_type=\"section\" data-e-type=\"section\">\n\t\t\t\t\t\t<div class=\"elementor-container elementor-column-gap-default\">\n\t\t\t\t\t<div class=\"elementor-column elementor-col-50 elementor-top-column elementor-element elementor-element-d59b6e3\" data-id=\"d59b6e3\" data-element_type=\"column\" data-e-type=\"column\">\n\t\t\t<div class=\"elementor-widget-wrap elementor-element-populated\">\n\t\t\t\t\t\t<div class=\"elementor-element elementor-element-0b563f1 elementor-widget elementor-widget-heading\" data-id=\"0b563f1\" data-element_type=\"widget\" data-e-type=\"widget\" data-widget_type=\"heading.default\">\n\t\t\t\t<div class=\"elementor-widget-container\">\n\t\t\t\t\t<h2 class=\"elementor-heading-title elementor-size-default\">Who are we?<\/h2>\t\t\t\t<\/div>\n\t\t\t\t<\/div>\n\t\t\t\t\t<\/div>\n\t\t<\/div>\n\t\t\t\t<div class=\"elementor-column elementor-col-50 elementor-top-column elementor-element elementor-element-398f2c9\" data-id=\"398f2c9\" data-element_type=\"column\" data-e-type=\"column\">\n\t\t\t<div class=\"elementor-widget-wrap elementor-element-populated\">\n\t\t\t\t\t\t<div class=\"elementor-element elementor-element-1f451a5 elementor-widget elementor-widget-text-editor\" data-id=\"1f451a5\" data-element_type=\"widget\" data-e-type=\"widget\" data-widget_type=\"text-editor.default\">\n\t\t\t\t<div class=\"elementor-widget-container\">\n\t\t\t\t\t\t\t\t\t<p><span style=\"font-weight: 400;\">INVERSIONES QUIAZA SAC - CHIMBOTE PLANT, is a company dedicated to the production of canned fish products as its main activity. We also have a plant of fish meal as an accessory activity.\u00a0<\/span><\/p><p><span style=\"font-weight: 400;\">Our plant is located in the Gran Trapecio Industrial Zone, in the District of Chimbote.  It operates with an installed processing capacity of 2440 boxes per shift and 8 tons of raw material per hour.\n\nThis plant has state-of-the-art equipment for the production of canned fish and residual meal. \nWe have a labor force made up of professional personnel, experienced technicians and qualified workers in a total number of 250 workers, which allows us to obtain products that achieve the most demanding quality standards.\u00a0<\/span><\/p><p><span style=\"font-weight: 400;\">The raw materials used are mainly the following fish: tuna, bonito, mackerel, horse mackerel and anchovy.<\/span><span style=\"font-weight: 400;\">\u00a0<\/span><\/p>\t\t\t\t\t\t\t\t<\/div>\n\t\t\t\t<\/div>\n\t\t\t\t<div class=\"elementor-element elementor-element-6f675f3 elementor-hidden-desktop elementor-hidden-tablet elementor-hidden-mobile elementor-widget elementor-widget-text-editor\" data-id=\"6f675f3\" data-element_type=\"widget\" data-e-type=\"widget\" data-widget_type=\"text-editor.default\">\n\t\t\t\t<div class=\"elementor-widget-container\">\n\t\t\t\t\t\t\t\t\t<p><span style=\"font-weight: 400;\">Somos una empresa privada con capital peruano, dedicada a la extracci\u00f3n, producci\u00f3n y comercializaci\u00f3n de productos hidrobiol\u00f3gicos, que cuenta con un establecimiento industrial para las actividades de enlatados (l\u00ednea, crudos y cocidos) y harina residual ubicada en el distrito de Chimbote, provincia de Santa, Departamento de \u00c1ncash, Per\u00fa.<\/span><\/p><p><span style=\"font-weight: 400;\">Tenemos la visi\u00f3n de ser una empresa l\u00edder en la producci\u00f3n de enlatados y prote\u00ednas de origen animal, reconocida por sus clientes, proveedores, inversionistas, empleados y p\u00fablico en general.\u00a0<\/span><\/p><p><span style=\"font-weight: 400;\">Nuestro objetivo es satisfacer las necesidades de nuestro cliente a trav\u00e9s de un producto de primera calidad.<\/span><\/p>\t\t\t\t\t\t\t\t<\/div>\n\t\t\t\t<\/div>\n\t\t\t\t\t<\/div>\n\t\t<\/div>\n\t\t\t\t\t<\/div>\n\t\t<\/section>\n\t\t\t\t<\/div>","protected":false},"excerpt":{"rendered":"<p>\u00bfQui\u00e9nes somos? INVERSIONES QUIAZA SAC \u2013 PLANTA CHIMBOTE, es una empresa dedicada a la elaboraci\u00f3n de Productos Enlatados Crudos y Cocidos de Recursos Hidrobiol\u00f3gicos como actividad principal y Planta de Harina Residual como actividad accesoria.\u00a0 Planta ubicada en Av. Los Pescadores Lotes 5, 5-1 MZ D &#8211; Zona Industrial Gran Trapecio, Distrito de Chimbote, Provincia [&hellip;]<\/p>\n","protected":false},"author":1,"featured_media":283,"parent":0,"menu_order":0,"comment_status":"closed","ping_status":"closed","template":"elementor_header_footer","meta":{"site-sidebar-layout":"no-sidebar","site-content-layout":"page-builder","ast-site-content-layout":"default","site-content-style":"default","site-sidebar-style":"default","ast-global-header-display":"","ast-banner-title-visibility":"","ast-main-header-display":"","ast-hfb-above-header-display":"","ast-hfb-below-header-display":"","ast-hfb-mobile-header-display":"","site-post-title":"disabled","ast-breadcrumbs-content":"","ast-featured-img":"disabled","footer-sml-layout":"","ast-disable-related-posts":"","theme-transparent-header-meta":"default","adv-header-id-meta":"","stick-header-meta":"default","header-above-stick-meta":"","header-main-stick-meta":"","header-below-stick-meta":"","astra-migrate-meta-layouts":"default","ast-page-background-enabled":"default","ast-page-background-meta":{"desktop":{"background-color":"var(--ast-global-color-4)","background-image":"","background-repeat":"repeat","background-position":"center center","background-size":"auto","background-attachment":"scroll","background-type":"","background-media":"","overlay-type":"","overlay-color":"","overlay-opacity":"","overlay-gradient":""},"tablet":{"background-color":"","background-image":"","background-repeat":"repeat","background-position":"center center","background-size":"auto","background-attachment":"scroll","background-type":"","background-media":"","overlay-type":"","overlay-color":"","overlay-opacity":"","overlay-gradient":""},"mobile":{"background-color":"","background-image":"","background-repeat":"repeat","background-position":"center center","background-size":"auto","background-attachment":"scroll","background-type":"","background-media":"","overlay-type":"","overlay-color":"","overlay-opacity":"","overlay-gradient":""}},"ast-content-background-meta":{"desktop":{"background-color":"var(--ast-global-color-5)","background-image":"","background-repeat":"repeat","background-position":"center center","background-size":"auto","background-attachment":"scroll","background-type":"","background-media":"","overlay-type":"","overlay-color":"","overlay-opacity":"","overlay-gradient":""},"tablet":{"background-color":"var(--ast-global-color-5)","background-image":"","background-repeat":"repeat","background-position":"center center","background-size":"auto","background-attachment":"scroll","background-type":"","background-media":"","overlay-type":"","overlay-color":"","overlay-opacity":"","overlay-gradient":""},"mobile":{"background-color":"var(--ast-global-color-5)","background-image":"","background-repeat":"repeat","background-position":"center center","background-size":"auto","background-attachment":"scroll","background-type":"","background-media":"","overlay-type":"","overlay-color":"","overlay-opacity":"","overlay-gradient":""}},"footnotes":""},"class_list":["post-319","page","type-page","status-publish","has-post-thumbnail","hentry"],"yoast_head":"<!-- This site is optimized with the Yoast SEO plugin v27.4 - https:\/\/yoast.com\/product\/yoast-seo-wordpress\/ -->\n<title>Nosotros - Inversiones Quiaza<\/title>\n<meta name=\"robots\" content=\"index, follow, max-snippet:-1, max-image-preview:large, max-video-preview:-1\" \/>\n<link rel=\"canonical\" href=\"https:\/\/quiaza.com\/en\/nosotros\/\" \/>\n<meta property=\"og:locale\" content=\"en_US\" \/>\n<meta property=\"og:type\" content=\"article\" \/>\n<meta property=\"og:title\" content=\"Nosotros - Inversiones Quiaza\" \/>\n<meta property=\"og:description\" content=\"\u00bfQui\u00e9nes somos? INVERSIONES QUIAZA SAC \u2013 PLANTA CHIMBOTE, es una empresa dedicada a la elaboraci\u00f3n de Productos Enlatados Crudos y Cocidos de Recursos Hidrobiol\u00f3gicos como actividad principal y Planta de Harina Residual como actividad accesoria.\u00a0 Planta ubicada en Av. Los Pescadores Lotes 5, 5-1 MZ D &#8211; Zona Industrial Gran Trapecio, Distrito de Chimbote, Provincia [&hellip;]\" \/>\n<meta property=\"og:url\" content=\"https:\/\/quiaza.com\/en\/nosotros\/\" \/>\n<meta property=\"og:site_name\" content=\"Inversiones Quiaza\" \/>\n<meta property=\"article:modified_time\" content=\"2022-08-22T17:19:03+00:00\" \/>\n<meta property=\"og:image\" content=\"https:\/\/quiaza.com\/wp-content\/uploads\/2022\/06\/DSC_0127-scaled-e1654898718768.jpg\" \/>\n\t<meta property=\"og:image:width\" content=\"2000\" \/>\n\t<meta property=\"og:image:height\" content=\"1334\" \/>\n\t<meta property=\"og:image:type\" content=\"image\/jpeg\" \/>\n<meta name=\"twitter:card\" content=\"summary_large_image\" \/>\n<meta name=\"twitter:label1\" content=\"Est. reading time\" \/>\n\t<meta name=\"twitter:data1\" content=\"2 minutes\" \/>\n<script type=\"application\/ld+json\" class=\"yoast-schema-graph\">{\"@context\":\"https:\\\/\\\/schema.org\",\"@graph\":[{\"@type\":\"WebPage\",\"@id\":\"https:\\\/\\\/quiaza.com\\\/nosotros\\\/\",\"url\":\"https:\\\/\\\/quiaza.com\\\/nosotros\\\/\",\"name\":\"Nosotros - Inversiones Quiaza\",\"isPartOf\":{\"@id\":\"https:\\\/\\\/quiaza.com\\\/#website\"},\"primaryImageOfPage\":{\"@id\":\"https:\\\/\\\/quiaza.com\\\/nosotros\\\/#primaryimage\"},\"image\":{\"@id\":\"https:\\\/\\\/quiaza.com\\\/nosotros\\\/#primaryimage\"},\"thumbnailUrl\":\"https:\\\/\\\/quiaza.com\\\/wp-content\\\/uploads\\\/2022\\\/06\\\/DSC_0127-scaled-e1654898718768.jpg\",\"datePublished\":\"2022-06-11T15:19:57+00:00\",\"dateModified\":\"2022-08-22T17:19:03+00:00\",\"breadcrumb\":{\"@id\":\"https:\\\/\\\/quiaza.com\\\/nosotros\\\/#breadcrumb\"},\"inLanguage\":\"en-US\",\"potentialAction\":[{\"@type\":\"ReadAction\",\"target\":[\"https:\\\/\\\/quiaza.com\\\/nosotros\\\/\"]}]},{\"@type\":\"ImageObject\",\"inLanguage\":\"en-US\",\"@id\":\"https:\\\/\\\/quiaza.com\\\/nosotros\\\/#primaryimage\",\"url\":\"https:\\\/\\\/quiaza.com\\\/wp-content\\\/uploads\\\/2022\\\/06\\\/DSC_0127-scaled-e1654898718768.jpg\",\"contentUrl\":\"https:\\\/\\\/quiaza.com\\\/wp-content\\\/uploads\\\/2022\\\/06\\\/DSC_0127-scaled-e1654898718768.jpg\",\"width\":2000,\"height\":1334},{\"@type\":\"BreadcrumbList\",\"@id\":\"https:\\\/\\\/quiaza.com\\\/nosotros\\\/#breadcrumb\",\"itemListElement\":[{\"@type\":\"ListItem\",\"position\":1,\"name\":\"Inicio\",\"item\":\"https:\\\/\\\/quiaza.com\\\/\"},{\"@type\":\"ListItem\",\"position\":2,\"name\":\"Nosotros\"}]},{\"@type\":\"WebSite\",\"@id\":\"https:\\\/\\\/quiaza.com\\\/#website\",\"url\":\"https:\\\/\\\/quiaza.com\\\/\",\"name\":\"Inversiones Quiaza\",\"description\":\"\",\"publisher\":{\"@id\":\"https:\\\/\\\/quiaza.com\\\/#organization\"},\"potentialAction\":[{\"@type\":\"SearchAction\",\"target\":{\"@type\":\"EntryPoint\",\"urlTemplate\":\"https:\\\/\\\/quiaza.com\\\/?s={search_term_string}\"},\"query-input\":{\"@type\":\"PropertyValueSpecification\",\"valueRequired\":true,\"valueName\":\"search_term_string\"}}],\"inLanguage\":\"en-US\"},{\"@type\":\"Organization\",\"@id\":\"https:\\\/\\\/quiaza.com\\\/#organization\",\"name\":\"Inversiones Quiaza\",\"url\":\"https:\\\/\\\/quiaza.com\\\/\",\"logo\":{\"@type\":\"ImageObject\",\"inLanguage\":\"en-US\",\"@id\":\"https:\\\/\\\/quiaza.com\\\/#\\\/schema\\\/logo\\\/image\\\/\",\"url\":\"https:\\\/\\\/quiaza.com\\\/wp-content\\\/uploads\\\/2022\\\/05\\\/logo1.svg\",\"contentUrl\":\"https:\\\/\\\/quiaza.com\\\/wp-content\\\/uploads\\\/2022\\\/05\\\/logo1.svg\",\"width\":194,\"height\":26,\"caption\":\"Inversiones Quiaza\"},\"image\":{\"@id\":\"https:\\\/\\\/quiaza.com\\\/#\\\/schema\\\/logo\\\/image\\\/\"}}]}<\/script>\n<!-- \/ Yoast SEO plugin. -->","yoast_head_json":{"title":"Nosotros - Inversiones Quiaza","robots":{"index":"index","follow":"follow","max-snippet":"max-snippet:-1","max-image-preview":"max-image-preview:large","max-video-preview":"max-video-preview:-1"},"canonical":"https:\/\/quiaza.com\/en\/nosotros\/","og_locale":"en_US","og_type":"article","og_title":"Nosotros - Inversiones Quiaza","og_description":"\u00bfQui\u00e9nes somos? INVERSIONES QUIAZA SAC \u2013 PLANTA CHIMBOTE, es una empresa dedicada a la elaboraci\u00f3n de Productos Enlatados Crudos y Cocidos de Recursos Hidrobiol\u00f3gicos como actividad principal y Planta de Harina Residual como actividad accesoria.\u00a0 Planta ubicada en Av. Los Pescadores Lotes 5, 5-1 MZ D &#8211; Zona Industrial Gran Trapecio, Distrito de Chimbote, Provincia [&hellip;]","og_url":"https:\/\/quiaza.com\/en\/nosotros\/","og_site_name":"Inversiones Quiaza","article_modified_time":"2022-08-22T17:19:03+00:00","og_image":[{"width":2000,"height":1334,"url":"https:\/\/quiaza.com\/wp-content\/uploads\/2022\/06\/DSC_0127-scaled-e1654898718768.jpg","type":"image\/jpeg"}],"twitter_card":"summary_large_image","twitter_misc":{"Est. reading time":"2 minutes"},"schema":{"@context":"https:\/\/schema.org","@graph":[{"@type":"WebPage","@id":"https:\/\/quiaza.com\/nosotros\/","url":"https:\/\/quiaza.com\/nosotros\/","name":"Nosotros - Inversiones Quiaza","isPartOf":{"@id":"https:\/\/quiaza.com\/#website"},"primaryImageOfPage":{"@id":"https:\/\/quiaza.com\/nosotros\/#primaryimage"},"image":{"@id":"https:\/\/quiaza.com\/nosotros\/#primaryimage"},"thumbnailUrl":"https:\/\/quiaza.com\/wp-content\/uploads\/2022\/06\/DSC_0127-scaled-e1654898718768.jpg","datePublished":"2022-06-11T15:19:57+00:00","dateModified":"2022-08-22T17:19:03+00:00","breadcrumb":{"@id":"https:\/\/quiaza.com\/nosotros\/#breadcrumb"},"inLanguage":"en-US","potentialAction":[{"@type":"ReadAction","target":["https:\/\/quiaza.com\/nosotros\/"]}]},{"@type":"ImageObject","inLanguage":"en-US","@id":"https:\/\/quiaza.com\/nosotros\/#primaryimage","url":"https:\/\/quiaza.com\/wp-content\/uploads\/2022\/06\/DSC_0127-scaled-e1654898718768.jpg","contentUrl":"https:\/\/quiaza.com\/wp-content\/uploads\/2022\/06\/DSC_0127-scaled-e1654898718768.jpg","width":2000,"height":1334},{"@type":"BreadcrumbList","@id":"https:\/\/quiaza.com\/nosotros\/#breadcrumb","itemListElement":[{"@type":"ListItem","position":1,"name":"Inicio","item":"https:\/\/quiaza.com\/"},{"@type":"ListItem","position":2,"name":"Nosotros"}]},{"@type":"WebSite","@id":"https:\/\/quiaza.com\/#website","url":"https:\/\/quiaza.com\/","name":"Inversiones Quiaza","description":"","publisher":{"@id":"https:\/\/quiaza.com\/#organization"},"potentialAction":[{"@type":"SearchAction","target":{"@type":"EntryPoint","urlTemplate":"https:\/\/quiaza.com\/?s={search_term_string}"},"query-input":{"@type":"PropertyValueSpecification","valueRequired":true,"valueName":"search_term_string"}}],"inLanguage":"en-US"},{"@type":"Organization","@id":"https:\/\/quiaza.com\/#organization","name":"Inversiones Quiaza","url":"https:\/\/quiaza.com\/","logo":{"@type":"ImageObject","inLanguage":"en-US","@id":"https:\/\/quiaza.com\/#\/schema\/logo\/image\/","url":"https:\/\/quiaza.com\/wp-content\/uploads\/2022\/05\/logo1.svg","contentUrl":"https:\/\/quiaza.com\/wp-content\/uploads\/2022\/05\/logo1.svg","width":194,"height":26,"caption":"Inversiones Quiaza"},"image":{"@id":"https:\/\/quiaza.com\/#\/schema\/logo\/image\/"}}]}},"_links":{"self":[{"href":"https:\/\/quiaza.com\/en\/wp-json\/wp\/v2\/pages\/319","targetHints":{"allow":["GET"]}}],"collection":[{"href":"https:\/\/quiaza.com\/en\/wp-json\/wp\/v2\/pages"}],"about":[{"href":"https:\/\/quiaza.com\/en\/wp-json\/wp\/v2\/types\/page"}],"author":[{"embeddable":true,"href":"https:\/\/quiaza.com\/en\/wp-json\/wp\/v2\/users\/1"}],"replies":[{"embeddable":true,"href":"https:\/\/quiaza.com\/en\/wp-json\/wp\/v2\/comments?post=319"}],"version-history":[{"count":11,"href":"https:\/\/quiaza.com\/en\/wp-json\/wp\/v2\/pages\/319\/revisions"}],"predecessor-version":[{"id":1315,"href":"https:\/\/quiaza.com\/en\/wp-json\/wp\/v2\/pages\/319\/revisions\/1315"}],"wp:featuredmedia":[{"embeddable":true,"href":"https:\/\/quiaza.com\/en\/wp-json\/wp\/v2\/media\/283"}],"wp:attachment":[{"href":"https:\/\/quiaza.com\/en\/wp-json\/wp\/v2\/media?parent=319"}],"curies":[{"name":"wp","href":"https:\/\/api.w.org\/{rel}","templated":true}]}}