{"id":451,"date":"2022-06-11T23:11:02","date_gmt":"2022-06-12T04:11:02","guid":{"rendered":"https:\/\/www.inversionesquiaza.com\/?page_id=451"},"modified":"2023-09-04T17:37:47","modified_gmt":"2023-09-04T22:37:47","slug":"extraccion","status":"publish","type":"page","link":"https:\/\/quiaza.com\/en\/extraccion\/","title":{"rendered":"Extraction"},"content":{"rendered":"<div data-elementor-type=\"wp-page\" data-elementor-id=\"451\" class=\"elementor elementor-451\" data-elementor-post-type=\"page\">\n\t\t\t\t\t\t<section class=\"elementor-section elementor-top-section elementor-element elementor-element-f6e1466 elementor-section-height-min-height elementor-section-boxed elementor-section-height-default elementor-section-items-middle\" data-id=\"f6e1466\" data-element_type=\"section\" data-e-type=\"section\" data-settings=\"{&quot;background_background&quot;:&quot;classic&quot;}\">\n\t\t\t\t\t\t\t<div class=\"elementor-background-overlay\"><\/div>\n\t\t\t\t\t\t\t<div class=\"elementor-container elementor-column-gap-default\">\n\t\t\t\t\t<div class=\"elementor-column elementor-col-100 elementor-top-column elementor-element elementor-element-13fd4e5\" data-id=\"13fd4e5\" data-element_type=\"column\" data-e-type=\"column\">\n\t\t\t<div class=\"elementor-widget-wrap elementor-element-populated\">\n\t\t\t\t\t\t\t<\/div>\n\t\t<\/div>\n\t\t\t\t\t<\/div>\n\t\t<\/section>\n\t\t\t\t<section class=\"elementor-section elementor-top-section elementor-element elementor-element-1406976 elementor-section-boxed elementor-section-height-default elementor-section-height-default\" data-id=\"1406976\" data-element_type=\"section\" data-e-type=\"section\" data-settings=\"{&quot;background_background&quot;:&quot;classic&quot;}\">\n\t\t\t\t\t\t<div class=\"elementor-container elementor-column-gap-default\">\n\t\t\t\t\t<div class=\"elementor-column elementor-col-100 elementor-top-column elementor-element elementor-element-ec36153\" data-id=\"ec36153\" data-element_type=\"column\" data-e-type=\"column\">\n\t\t\t<div class=\"elementor-widget-wrap elementor-element-populated\">\n\t\t\t\t\t\t<div class=\"elementor-element elementor-element-3782b79 elementor-widget elementor-widget-breadcrumbs\" data-id=\"3782b79\" data-element_type=\"widget\" data-e-type=\"widget\" data-widget_type=\"breadcrumbs.default\">\n\t\t\t\t<div class=\"elementor-widget-container\">\n\t\t\t\t\t<p id=\"breadcrumbs\"><span><span><a href=\"https:\/\/quiaza.com\/en\/\">Home<\/a><\/span><\/span><\/p>\t\t\t\t<\/div>\n\t\t\t\t<\/div>\n\t\t\t\t\t<\/div>\n\t\t<\/div>\n\t\t\t\t\t<\/div>\n\t\t<\/section>\n\t\t\t\t<section class=\"elementor-section elementor-top-section elementor-element elementor-element-a0db3c7 elementor-section-boxed elementor-section-height-default elementor-section-height-default\" data-id=\"a0db3c7\" data-element_type=\"section\" data-e-type=\"section\">\n\t\t\t\t\t\t<div class=\"elementor-container elementor-column-gap-default\">\n\t\t\t\t\t<div class=\"elementor-column elementor-col-50 elementor-top-column elementor-element elementor-element-d59b6e3\" data-id=\"d59b6e3\" data-element_type=\"column\" data-e-type=\"column\">\n\t\t\t<div class=\"elementor-widget-wrap elementor-element-populated\">\n\t\t\t\t\t\t<div class=\"elementor-element elementor-element-0b563f1 elementor-widget elementor-widget-heading\" data-id=\"0b563f1\" data-element_type=\"widget\" data-e-type=\"widget\" data-widget_type=\"heading.default\">\n\t\t\t\t<div class=\"elementor-widget-container\">\n\t\t\t\t\t<h2 class=\"elementor-heading-title elementor-size-default\">Our fleet of ships<\/h2>\t\t\t\t<\/div>\n\t\t\t\t<\/div>\n\t\t\t\t\t<\/div>\n\t\t<\/div>\n\t\t\t\t<div class=\"elementor-column elementor-col-50 elementor-top-column elementor-element elementor-element-398f2c9\" data-id=\"398f2c9\" data-element_type=\"column\" data-e-type=\"column\">\n\t\t\t<div class=\"elementor-widget-wrap elementor-element-populated\">\n\t\t\t\t\t\t<div class=\"elementor-element elementor-element-1f451a5 elementor-widget elementor-widget-text-editor\" data-id=\"1f451a5\" data-element_type=\"widget\" data-e-type=\"widget\" data-widget_type=\"text-editor.default\">\n\t\t\t\t<div class=\"elementor-widget-container\">\n\t\t\t\t\t\t\t\t\t<span style=\"font-weight: 400;\">Inversiones Quiaza is dedicated to the extraction of fish along the Peruvian coast and for this activity, we have a fleet of large and small vessels such as: Don Raul, Raul III, Raul IV, Diamante, Wendy and Maria Genara.<\/span>\n\n<a href=\"http:\/\/www.quiaza.com\/wp-content\/uploads\/2022\/06\/flota.png\"><img fetchpriority=\"high\" decoding=\"async\" class=\"alignnone wp-image-484 size-full\" title=\"Flota de embarcaciones Quiaza\" src=\"http:\/\/www.quiaza.com\/wp-content\/uploads\/2022\/06\/flota.png\" alt=\"Flota de embarcaciones Quiaza\" width=\"1520\" height=\"851\" srcset=\"https:\/\/quiaza.com\/wp-content\/uploads\/2022\/06\/flota.png 1520w, https:\/\/quiaza.com\/wp-content\/uploads\/2022\/06\/flota-300x168.png 300w, https:\/\/quiaza.com\/wp-content\/uploads\/2022\/06\/flota-1024x573.png 1024w, https:\/\/quiaza.com\/wp-content\/uploads\/2022\/06\/flota-768x430.png 768w\" sizes=\"(max-width: 1520px) 100vw, 1520px\" \/><\/a>\t\t\t\t\t\t\t\t<\/div>\n\t\t\t\t<\/div>\n\t\t\t\t\t<\/div>\n\t\t<\/div>\n\t\t\t\t\t<\/div>\n\t\t<\/section>\n\t\t\t\t<\/div>","protected":false},"excerpt":{"rendered":"<p>Nuestra flota Inversiones Quiaza se dedica a la extracci\u00f3n de peces en todo el litoral peruano y para ello,\u00a0 contamos con una flota de embarcaciones de grande y peque\u00f1a eslaca, tales como: Don Ra\u00fal, Ra\u00fal III, Ra\u00fal IV, Diamante, Wendy y Maria Genara.<\/p>","protected":false},"author":1,"featured_media":1212,"parent":0,"menu_order":0,"comment_status":"closed","ping_status":"closed","template":"elementor_header_footer","meta":{"site-sidebar-layout":"no-sidebar","site-content-layout":"page-builder","ast-site-content-layout":"default","site-content-style":"default","site-sidebar-style":"default","ast-global-header-display":"","ast-banner-title-visibility":"","ast-main-header-display":"","ast-hfb-above-header-display":"","ast-hfb-below-header-display":"","ast-hfb-mobile-header-display":"","site-post-title":"disabled","ast-breadcrumbs-content":"","ast-featured-img":"disabled","footer-sml-layout":"","ast-disable-related-posts":"","theme-transparent-header-meta":"default","adv-header-id-meta":"","stick-header-meta":"default","header-above-stick-meta":"","header-main-stick-meta":"","header-below-stick-meta":"","astra-migrate-meta-layouts":"default","ast-page-background-enabled":"default","ast-page-background-meta":{"desktop":{"background-color":"var(--ast-global-color-4)","background-image":"","background-repeat":"repeat","background-position":"center center","background-size":"auto","background-attachment":"scroll","background-type":"","background-media":"","overlay-type":"","overlay-color":"","overlay-opacity":"","overlay-gradient":""},"tablet":{"background-color":"","background-image":"","background-repeat":"repeat","background-position":"center center","background-size":"auto","background-attachment":"scroll","background-type":"","background-media":"","overlay-type":"","overlay-color":"","overlay-opacity":"","overlay-gradient":""},"mobile":{"background-color":"","background-image":"","background-repeat":"repeat","background-position":"center center","background-size":"auto","background-attachment":"scroll","background-type":"","background-media":"","overlay-type":"","overlay-color":"","overlay-opacity":"","overlay-gradient":""}},"ast-content-background-meta":{"desktop":{"background-color":"var(--ast-global-color-5)","background-image":"","background-repeat":"repeat","background-position":"center center","background-size":"auto","background-attachment":"scroll","background-type":"","background-media":"","overlay-type":"","overlay-color":"","overlay-opacity":"","overlay-gradient":""},"tablet":{"background-color":"var(--ast-global-color-5)","background-image":"","background-repeat":"repeat","background-position":"center center","background-size":"auto","background-attachment":"scroll","background-type":"","background-media":"","overlay-type":"","overlay-color":"","overlay-opacity":"","overlay-gradient":""},"mobile":{"background-color":"var(--ast-global-color-5)","background-image":"","background-repeat":"repeat","background-position":"center center","background-size":"auto","background-attachment":"scroll","background-type":"","background-media":"","overlay-type":"","overlay-color":"","overlay-opacity":"","overlay-gradient":""}},"footnotes":""},"class_list":["post-451","page","type-page","status-publish","has-post-thumbnail","hentry"],"yoast_head":"<!-- This site is optimized with the Yoast SEO plugin v27.4 - https:\/\/yoast.com\/product\/yoast-seo-wordpress\/ -->\n<title>Extracci\u00f3n - Inversiones Quiaza<\/title>\n<meta name=\"robots\" content=\"index, follow, max-snippet:-1, max-image-preview:large, max-video-preview:-1\" \/>\n<link rel=\"canonical\" href=\"https:\/\/quiaza.com\/en\/extraccion\/\" \/>\n<meta property=\"og:locale\" content=\"en_US\" \/>\n<meta property=\"og:type\" content=\"article\" \/>\n<meta property=\"og:title\" content=\"Extracci\u00f3n - Inversiones Quiaza\" \/>\n<meta property=\"og:description\" content=\"Nuestra flota Inversiones Quiaza se dedica a la extracci\u00f3n de peces en todo el litoral peruano y para ello,\u00a0 contamos con una flota de embarcaciones de grande y peque\u00f1a eslaca, tales como: Don Ra\u00fal, Ra\u00fal III, Ra\u00fal IV, Diamante, Wendy y Maria Genara.\" \/>\n<meta property=\"og:url\" content=\"https:\/\/quiaza.com\/en\/extraccion\/\" \/>\n<meta property=\"og:site_name\" content=\"Inversiones Quiaza\" \/>\n<meta property=\"article:modified_time\" content=\"2023-09-04T22:37:47+00:00\" \/>\n<meta property=\"og:image\" content=\"https:\/\/quiaza.com\/wp-content\/uploads\/2022\/07\/WhatsApp-Image-2022-07-27-at-10.47.37-AM-e1658967789455.jpeg\" \/>\n\t<meta property=\"og:image:width\" content=\"975\" \/>\n\t<meta property=\"og:image:height\" content=\"392\" \/>\n\t<meta property=\"og:image:type\" content=\"image\/jpeg\" \/>\n<meta name=\"twitter:card\" content=\"summary_large_image\" \/>\n<meta name=\"twitter:label1\" content=\"Est. reading time\" \/>\n\t<meta name=\"twitter:data1\" content=\"1 minute\" \/>\n<script type=\"application\/ld+json\" class=\"yoast-schema-graph\">{\"@context\":\"https:\\\/\\\/schema.org\",\"@graph\":[{\"@type\":\"WebPage\",\"@id\":\"https:\\\/\\\/quiaza.com\\\/extraccion\\\/\",\"url\":\"https:\\\/\\\/quiaza.com\\\/extraccion\\\/\",\"name\":\"Extracci\u00f3n - Inversiones Quiaza\",\"isPartOf\":{\"@id\":\"https:\\\/\\\/quiaza.com\\\/#website\"},\"primaryImageOfPage\":{\"@id\":\"https:\\\/\\\/quiaza.com\\\/extraccion\\\/#primaryimage\"},\"image\":{\"@id\":\"https:\\\/\\\/quiaza.com\\\/extraccion\\\/#primaryimage\"},\"thumbnailUrl\":\"https:\\\/\\\/quiaza.com\\\/wp-content\\\/uploads\\\/2022\\\/07\\\/WhatsApp-Image-2022-07-27-at-10.47.37-AM-e1658967789455.jpeg\",\"datePublished\":\"2022-06-12T04:11:02+00:00\",\"dateModified\":\"2023-09-04T22:37:47+00:00\",\"breadcrumb\":{\"@id\":\"https:\\\/\\\/quiaza.com\\\/extraccion\\\/#breadcrumb\"},\"inLanguage\":\"en-US\",\"potentialAction\":[{\"@type\":\"ReadAction\",\"target\":[\"https:\\\/\\\/quiaza.com\\\/extraccion\\\/\"]}]},{\"@type\":\"ImageObject\",\"inLanguage\":\"en-US\",\"@id\":\"https:\\\/\\\/quiaza.com\\\/extraccion\\\/#primaryimage\",\"url\":\"https:\\\/\\\/quiaza.com\\\/wp-content\\\/uploads\\\/2022\\\/07\\\/WhatsApp-Image-2022-07-27-at-10.47.37-AM-e1658967789455.jpeg\",\"contentUrl\":\"https:\\\/\\\/quiaza.com\\\/wp-content\\\/uploads\\\/2022\\\/07\\\/WhatsApp-Image-2022-07-27-at-10.47.37-AM-e1658967789455.jpeg\",\"width\":975,\"height\":392},{\"@type\":\"BreadcrumbList\",\"@id\":\"https:\\\/\\\/quiaza.com\\\/extraccion\\\/#breadcrumb\",\"itemListElement\":[{\"@type\":\"ListItem\",\"position\":1,\"name\":\"Inicio\",\"item\":\"https:\\\/\\\/quiaza.com\\\/\"},{\"@type\":\"ListItem\",\"position\":2,\"name\":\"Extracci\u00f3n\"}]},{\"@type\":\"WebSite\",\"@id\":\"https:\\\/\\\/quiaza.com\\\/#website\",\"url\":\"https:\\\/\\\/quiaza.com\\\/\",\"name\":\"Inversiones Quiaza\",\"description\":\"\",\"publisher\":{\"@id\":\"https:\\\/\\\/quiaza.com\\\/#organization\"},\"potentialAction\":[{\"@type\":\"SearchAction\",\"target\":{\"@type\":\"EntryPoint\",\"urlTemplate\":\"https:\\\/\\\/quiaza.com\\\/?s={search_term_string}\"},\"query-input\":{\"@type\":\"PropertyValueSpecification\",\"valueRequired\":true,\"valueName\":\"search_term_string\"}}],\"inLanguage\":\"en-US\"},{\"@type\":\"Organization\",\"@id\":\"https:\\\/\\\/quiaza.com\\\/#organization\",\"name\":\"Inversiones Quiaza\",\"url\":\"https:\\\/\\\/quiaza.com\\\/\",\"logo\":{\"@type\":\"ImageObject\",\"inLanguage\":\"en-US\",\"@id\":\"https:\\\/\\\/quiaza.com\\\/#\\\/schema\\\/logo\\\/image\\\/\",\"url\":\"https:\\\/\\\/quiaza.com\\\/wp-content\\\/uploads\\\/2022\\\/05\\\/logo1.svg\",\"contentUrl\":\"https:\\\/\\\/quiaza.com\\\/wp-content\\\/uploads\\\/2022\\\/05\\\/logo1.svg\",\"width\":194,\"height\":26,\"caption\":\"Inversiones Quiaza\"},\"image\":{\"@id\":\"https:\\\/\\\/quiaza.com\\\/#\\\/schema\\\/logo\\\/image\\\/\"}}]}<\/script>\n<!-- \/ Yoast SEO plugin. -->","yoast_head_json":{"title":"Extracci\u00f3n - Inversiones Quiaza","robots":{"index":"index","follow":"follow","max-snippet":"max-snippet:-1","max-image-preview":"max-image-preview:large","max-video-preview":"max-video-preview:-1"},"canonical":"https:\/\/quiaza.com\/en\/extraccion\/","og_locale":"en_US","og_type":"article","og_title":"Extracci\u00f3n - Inversiones Quiaza","og_description":"Nuestra flota Inversiones Quiaza se dedica a la extracci\u00f3n de peces en todo el litoral peruano y para ello,\u00a0 contamos con una flota de embarcaciones de grande y peque\u00f1a eslaca, tales como: Don Ra\u00fal, Ra\u00fal III, Ra\u00fal IV, Diamante, Wendy y Maria Genara.","og_url":"https:\/\/quiaza.com\/en\/extraccion\/","og_site_name":"Inversiones Quiaza","article_modified_time":"2023-09-04T22:37:47+00:00","og_image":[{"width":975,"height":392,"url":"https:\/\/quiaza.com\/wp-content\/uploads\/2022\/07\/WhatsApp-Image-2022-07-27-at-10.47.37-AM-e1658967789455.jpeg","type":"image\/jpeg"}],"twitter_card":"summary_large_image","twitter_misc":{"Est. reading time":"1 minute"},"schema":{"@context":"https:\/\/schema.org","@graph":[{"@type":"WebPage","@id":"https:\/\/quiaza.com\/extraccion\/","url":"https:\/\/quiaza.com\/extraccion\/","name":"Extracci\u00f3n - Inversiones Quiaza","isPartOf":{"@id":"https:\/\/quiaza.com\/#website"},"primaryImageOfPage":{"@id":"https:\/\/quiaza.com\/extraccion\/#primaryimage"},"image":{"@id":"https:\/\/quiaza.com\/extraccion\/#primaryimage"},"thumbnailUrl":"https:\/\/quiaza.com\/wp-content\/uploads\/2022\/07\/WhatsApp-Image-2022-07-27-at-10.47.37-AM-e1658967789455.jpeg","datePublished":"2022-06-12T04:11:02+00:00","dateModified":"2023-09-04T22:37:47+00:00","breadcrumb":{"@id":"https:\/\/quiaza.com\/extraccion\/#breadcrumb"},"inLanguage":"en-US","potentialAction":[{"@type":"ReadAction","target":["https:\/\/quiaza.com\/extraccion\/"]}]},{"@type":"ImageObject","inLanguage":"en-US","@id":"https:\/\/quiaza.com\/extraccion\/#primaryimage","url":"https:\/\/quiaza.com\/wp-content\/uploads\/2022\/07\/WhatsApp-Image-2022-07-27-at-10.47.37-AM-e1658967789455.jpeg","contentUrl":"https:\/\/quiaza.com\/wp-content\/uploads\/2022\/07\/WhatsApp-Image-2022-07-27-at-10.47.37-AM-e1658967789455.jpeg","width":975,"height":392},{"@type":"BreadcrumbList","@id":"https:\/\/quiaza.com\/extraccion\/#breadcrumb","itemListElement":[{"@type":"ListItem","position":1,"name":"Inicio","item":"https:\/\/quiaza.com\/"},{"@type":"ListItem","position":2,"name":"Extracci\u00f3n"}]},{"@type":"WebSite","@id":"https:\/\/quiaza.com\/#website","url":"https:\/\/quiaza.com\/","name":"Inversiones Quiaza","description":"","publisher":{"@id":"https:\/\/quiaza.com\/#organization"},"potentialAction":[{"@type":"SearchAction","target":{"@type":"EntryPoint","urlTemplate":"https:\/\/quiaza.com\/?s={search_term_string}"},"query-input":{"@type":"PropertyValueSpecification","valueRequired":true,"valueName":"search_term_string"}}],"inLanguage":"en-US"},{"@type":"Organization","@id":"https:\/\/quiaza.com\/#organization","name":"Inversiones Quiaza","url":"https:\/\/quiaza.com\/","logo":{"@type":"ImageObject","inLanguage":"en-US","@id":"https:\/\/quiaza.com\/#\/schema\/logo\/image\/","url":"https:\/\/quiaza.com\/wp-content\/uploads\/2022\/05\/logo1.svg","contentUrl":"https:\/\/quiaza.com\/wp-content\/uploads\/2022\/05\/logo1.svg","width":194,"height":26,"caption":"Inversiones Quiaza"},"image":{"@id":"https:\/\/quiaza.com\/#\/schema\/logo\/image\/"}}]}},"_links":{"self":[{"href":"https:\/\/quiaza.com\/en\/wp-json\/wp\/v2\/pages\/451","targetHints":{"allow":["GET"]}}],"collection":[{"href":"https:\/\/quiaza.com\/en\/wp-json\/wp\/v2\/pages"}],"about":[{"href":"https:\/\/quiaza.com\/en\/wp-json\/wp\/v2\/types\/page"}],"author":[{"embeddable":true,"href":"https:\/\/quiaza.com\/en\/wp-json\/wp\/v2\/users\/1"}],"replies":[{"embeddable":true,"href":"https:\/\/quiaza.com\/en\/wp-json\/wp\/v2\/comments?post=451"}],"version-history":[{"count":18,"href":"https:\/\/quiaza.com\/en\/wp-json\/wp\/v2\/pages\/451\/revisions"}],"predecessor-version":[{"id":1474,"href":"https:\/\/quiaza.com\/en\/wp-json\/wp\/v2\/pages\/451\/revisions\/1474"}],"wp:featuredmedia":[{"embeddable":true,"href":"https:\/\/quiaza.com\/en\/wp-json\/wp\/v2\/media\/1212"}],"wp:attachment":[{"href":"https:\/\/quiaza.com\/en\/wp-json\/wp\/v2\/media?parent=451"}],"curies":[{"name":"wp","href":"https:\/\/api.w.org\/{rel}","templated":true}]}}