{"id":505,"date":"2022-06-12T01:09:17","date_gmt":"2022-06-12T06:09:17","guid":{"rendered":"https:\/\/www.inversionesquiaza.com\/?page_id=505"},"modified":"2023-02-17T15:04:12","modified_gmt":"2023-02-17T20:04:12","slug":"calidad","status":"publish","type":"page","link":"https:\/\/quiaza.com\/en\/nosotros\/calidad\/","title":{"rendered":"Quality"},"content":{"rendered":"<div data-elementor-type=\"wp-page\" data-elementor-id=\"505\" class=\"elementor elementor-505\" data-elementor-post-type=\"page\">\n\t\t\t\t\t\t<section class=\"elementor-section elementor-top-section elementor-element elementor-element-f6e1466 elementor-section-height-min-height elementor-section-boxed elementor-section-height-default elementor-section-items-middle\" data-id=\"f6e1466\" data-element_type=\"section\" data-e-type=\"section\" data-settings=\"{&quot;background_background&quot;:&quot;classic&quot;}\">\n\t\t\t\t\t\t\t<div class=\"elementor-background-overlay\"><\/div>\n\t\t\t\t\t\t\t<div class=\"elementor-container elementor-column-gap-default\">\n\t\t\t\t\t<div class=\"elementor-column elementor-col-100 elementor-top-column elementor-element elementor-element-13fd4e5\" data-id=\"13fd4e5\" data-element_type=\"column\" data-e-type=\"column\">\n\t\t\t<div class=\"elementor-widget-wrap elementor-element-populated\">\n\t\t\t\t\t\t\t<\/div>\n\t\t<\/div>\n\t\t\t\t\t<\/div>\n\t\t<\/section>\n\t\t\t\t<section class=\"elementor-section elementor-top-section elementor-element elementor-element-aaf4227 elementor-section-boxed elementor-section-height-default elementor-section-height-default\" data-id=\"aaf4227\" data-element_type=\"section\" data-e-type=\"section\" data-settings=\"{&quot;background_background&quot;:&quot;classic&quot;}\">\n\t\t\t\t\t\t<div class=\"elementor-container elementor-column-gap-default\">\n\t\t\t\t\t<div class=\"elementor-column elementor-col-100 elementor-top-column elementor-element elementor-element-66f4638\" data-id=\"66f4638\" data-element_type=\"column\" data-e-type=\"column\">\n\t\t\t<div class=\"elementor-widget-wrap elementor-element-populated\">\n\t\t\t\t\t\t<div class=\"elementor-element elementor-element-5d4ac92 elementor-widget elementor-widget-breadcrumbs\" data-id=\"5d4ac92\" data-element_type=\"widget\" data-e-type=\"widget\" data-widget_type=\"breadcrumbs.default\">\n\t\t\t\t<div class=\"elementor-widget-container\">\n\t\t\t\t\t<p id=\"breadcrumbs\"><span><span><a href=\"https:\/\/quiaza.com\/en\/\">Home<\/a><\/span><\/span><\/p>\t\t\t\t<\/div>\n\t\t\t\t<\/div>\n\t\t\t\t\t<\/div>\n\t\t<\/div>\n\t\t\t\t\t<\/div>\n\t\t<\/section>\n\t\t\t\t<section class=\"elementor-section elementor-top-section elementor-element elementor-element-7b657347 elementor-section-content-middle elementor-section-boxed elementor-section-height-default elementor-section-height-default\" data-id=\"7b657347\" data-element_type=\"section\" data-e-type=\"section\">\n\t\t\t\t\t\t<div class=\"elementor-container elementor-column-gap-no\">\n\t\t\t\t\t<div class=\"elementor-column elementor-col-100 elementor-top-column elementor-element elementor-element-2627e926\" data-id=\"2627e926\" data-element_type=\"column\" data-e-type=\"column\">\n\t\t\t<div class=\"elementor-widget-wrap elementor-element-populated\">\n\t\t\t\t\t\t<div class=\"elementor-element elementor-element-3e6f1cf9 elementor-widget elementor-widget-heading\" data-id=\"3e6f1cf9\" data-element_type=\"widget\" data-e-type=\"widget\" data-widget_type=\"heading.default\">\n\t\t\t\t<div class=\"elementor-widget-container\">\n\t\t\t\t\t<h4 class=\"elementor-heading-title elementor-size-small\">\u00bfQu\u00e9 nos hace diferentes?<\/h4>\t\t\t\t<\/div>\n\t\t\t\t<\/div>\n\t\t\t\t<section class=\"elementor-section elementor-inner-section elementor-element elementor-element-5fb721be elementor-section-content-middle elementor-section-boxed elementor-section-height-default elementor-section-height-default\" data-id=\"5fb721be\" data-element_type=\"section\" data-e-type=\"section\">\n\t\t\t\t\t\t<div class=\"elementor-container elementor-column-gap-no\">\n\t\t\t\t\t<div class=\"elementor-column elementor-col-25 elementor-inner-column elementor-element elementor-element-21b61f98\" data-id=\"21b61f98\" data-element_type=\"column\" data-e-type=\"column\">\n\t\t\t<div class=\"elementor-widget-wrap elementor-element-populated\">\n\t\t\t\t\t\t<div class=\"elementor-element elementor-element-57adc866 elementor-position-top elementor-widget elementor-widget-image-box\" data-id=\"57adc866\" data-element_type=\"widget\" data-e-type=\"widget\" data-widget_type=\"image-box.default\">\n\t\t\t\t<div class=\"elementor-widget-container\">\n\t\t\t\t\t<div class=\"elementor-image-box-wrapper\"><figure class=\"elementor-image-box-img\"><img decoding=\"async\" width=\"72\" height=\"88\" src=\"https:\/\/quiaza.com\/wp-content\/uploads\/2022\/06\/intercert-e1655016380251.png\" class=\"elementor-animation-grow attachment-full size-full wp-image-515\" alt=\"\" \/><\/figure><div class=\"elementor-image-box-content\"><h3 class=\"elementor-image-box-title\">ISO 22000<\/h3><p class=\"elementor-image-box-description\"><span style=\"text-align: start;white-space: normal\">ISO 22000:2018 certification issued by INTERCERT, which certifies that our Food Safety management system for canned fish processing and packaging is innocuous.<\/span><\/p><\/div><\/div>\t\t\t\t<\/div>\n\t\t\t\t<\/div>\n\t\t\t\t\t<\/div>\n\t\t<\/div>\n\t\t\t\t<div class=\"elementor-column elementor-col-25 elementor-inner-column elementor-element elementor-element-f2e23b1\" data-id=\"f2e23b1\" data-element_type=\"column\" data-e-type=\"column\">\n\t\t\t<div class=\"elementor-widget-wrap elementor-element-populated\">\n\t\t\t\t\t\t<div class=\"elementor-element elementor-element-4f455862 elementor-position-top elementor-widget elementor-widget-image-box\" data-id=\"4f455862\" data-element_type=\"widget\" data-e-type=\"widget\" data-widget_type=\"image-box.default\">\n\t\t\t\t<div class=\"elementor-widget-container\">\n\t\t\t\t\t<div class=\"elementor-image-box-wrapper\"><figure class=\"elementor-image-box-img\"><img fetchpriority=\"high\" decoding=\"async\" width=\"256\" height=\"256\" src=\"https:\/\/quiaza.com\/wp-content\/uploads\/2022\/07\/flyer.png\" class=\"elementor-animation-grow attachment-full size-full wp-image-1167\" alt=\"\" srcset=\"https:\/\/quiaza.com\/wp-content\/uploads\/2022\/07\/flyer.png 256w, https:\/\/quiaza.com\/wp-content\/uploads\/2022\/07\/flyer-150x150.png 150w\" sizes=\"(max-width: 256px) 100vw, 256px\" \/><\/figure><div class=\"elementor-image-box-content\"><h3 class=\"elementor-image-box-title\">HACCP<\/h3><\/div><\/div>\t\t\t\t<\/div>\n\t\t\t\t<\/div>\n\t\t\t\t\t<\/div>\n\t\t<\/div>\n\t\t\t\t<div class=\"elementor-column elementor-col-25 elementor-inner-column elementor-element elementor-element-3c7f04fd\" data-id=\"3c7f04fd\" data-element_type=\"column\" data-e-type=\"column\">\n\t\t\t<div class=\"elementor-widget-wrap elementor-element-populated\">\n\t\t\t\t\t\t<div class=\"elementor-element elementor-element-f16f3bc elementor-position-top elementor-widget elementor-widget-image-box\" data-id=\"f16f3bc\" data-element_type=\"widget\" data-e-type=\"widget\" data-widget_type=\"image-box.default\">\n\t\t\t\t<div class=\"elementor-widget-container\">\n\t\t\t\t\t<div class=\"elementor-image-box-wrapper\"><figure class=\"elementor-image-box-img\"><img decoding=\"async\" width=\"256\" height=\"256\" src=\"https:\/\/quiaza.com\/wp-content\/uploads\/2022\/07\/startup.png\" class=\"elementor-animation-grow attachment-full size-full wp-image-1168\" alt=\"\" srcset=\"https:\/\/quiaza.com\/wp-content\/uploads\/2022\/07\/startup.png 256w, https:\/\/quiaza.com\/wp-content\/uploads\/2022\/07\/startup-150x150.png 150w\" sizes=\"(max-width: 256px) 100vw, 256px\" \/><\/figure><div class=\"elementor-image-box-content\"><h3 class=\"elementor-image-box-title\">FDA registration<br><\/h3><\/div><\/div>\t\t\t\t<\/div>\n\t\t\t\t<\/div>\n\t\t\t\t\t<\/div>\n\t\t<\/div>\n\t\t\t\t<div class=\"elementor-column elementor-col-25 elementor-inner-column elementor-element elementor-element-9b750a8\" data-id=\"9b750a8\" data-element_type=\"column\" data-e-type=\"column\">\n\t\t\t<div class=\"elementor-widget-wrap elementor-element-populated\">\n\t\t\t\t\t\t<div class=\"elementor-element elementor-element-e2dfeda elementor-position-top elementor-widget elementor-widget-image-box\" data-id=\"e2dfeda\" data-element_type=\"widget\" data-e-type=\"widget\" data-widget_type=\"image-box.default\">\n\t\t\t\t<div class=\"elementor-widget-container\">\n\t\t\t\t\t<div class=\"elementor-image-box-wrapper\"><figure class=\"elementor-image-box-img\"><img fetchpriority=\"high\" decoding=\"async\" width=\"256\" height=\"256\" src=\"https:\/\/quiaza.com\/wp-content\/uploads\/2022\/07\/flyer.png\" class=\"elementor-animation-grow attachment-full size-full wp-image-1167\" alt=\"\" srcset=\"https:\/\/quiaza.com\/wp-content\/uploads\/2022\/07\/flyer.png 256w, https:\/\/quiaza.com\/wp-content\/uploads\/2022\/07\/flyer-150x150.png 150w\" sizes=\"(max-width: 256px) 100vw, 256px\" \/><\/figure><div class=\"elementor-image-box-content\"><h3 class=\"elementor-image-box-title\">POL\u00cdTICA DEL SISTEMA DE CALIDAD E INOCUIDAD<\/h3><p class=\"elementor-image-box-description\"><span style=\"text-align: start;white-space: normal\">Inversiones Quiaza S.A.C. is a company committed to the production of food for human consumption, direct and indirect, safe and of the highest quality to satisfy customer needs and compliance with current legislation, which has been informed and understood by all its workers.<\/span><\/p><\/div><\/div>\t\t\t\t<\/div>\n\t\t\t\t<\/div>\n\t\t\t\t\t<\/div>\n\t\t<\/div>\n\t\t\t\t\t<\/div>\n\t\t<\/section>\n\t\t\t\t\t<\/div>\n\t\t<\/div>\n\t\t\t\t\t<\/div>\n\t\t<\/section>\n\t\t\t\t<\/div>","protected":false},"excerpt":{"rendered":"<p>\u00bfQu\u00e9 nos hace diferentes? ISO 22000 Certificaci\u00f3n ISO 22000:2018 emitido por INTERCERT, el cual certifica que nuestro sistema de gesti\u00f3n de Seguridad Alimentaria para el procesamiento de conservas de pescado crudo y cocido en envases de hojalata y vidrio. HACCP Registro FDA POL\u00cdTICA DEL SISTEMA DE CALIDAD E INOCUIDAD Inversiones Quiaza S.A.C. es una empresa [&hellip;]<\/p>\n","protected":false},"author":1,"featured_media":282,"parent":319,"menu_order":0,"comment_status":"closed","ping_status":"closed","template":"elementor_header_footer","meta":{"site-sidebar-layout":"no-sidebar","site-content-layout":"page-builder","ast-site-content-layout":"default","site-content-style":"default","site-sidebar-style":"default","ast-global-header-display":"","ast-banner-title-visibility":"","ast-main-header-display":"","ast-hfb-above-header-display":"","ast-hfb-below-header-display":"","ast-hfb-mobile-header-display":"","site-post-title":"disabled","ast-breadcrumbs-content":"","ast-featured-img":"disabled","footer-sml-layout":"","ast-disable-related-posts":"","theme-transparent-header-meta":"default","adv-header-id-meta":"","stick-header-meta":"default","header-above-stick-meta":"","header-main-stick-meta":"","header-below-stick-meta":"","astra-migrate-meta-layouts":"default","ast-page-background-enabled":"default","ast-page-background-meta":{"desktop":{"background-color":"var(--ast-global-color-4)","background-image":"","background-repeat":"repeat","background-position":"center center","background-size":"auto","background-attachment":"scroll","background-type":"","background-media":"","overlay-type":"","overlay-color":"","overlay-opacity":"","overlay-gradient":""},"tablet":{"background-color":"","background-image":"","background-repeat":"repeat","background-position":"center center","background-size":"auto","background-attachment":"scroll","background-type":"","background-media":"","overlay-type":"","overlay-color":"","overlay-opacity":"","overlay-gradient":""},"mobile":{"background-color":"","background-image":"","background-repeat":"repeat","background-position":"center center","background-size":"auto","background-attachment":"scroll","background-type":"","background-media":"","overlay-type":"","overlay-color":"","overlay-opacity":"","overlay-gradient":""}},"ast-content-background-meta":{"desktop":{"background-color":"var(--ast-global-color-5)","background-image":"","background-repeat":"repeat","background-position":"center center","background-size":"auto","background-attachment":"scroll","background-type":"","background-media":"","overlay-type":"","overlay-color":"","overlay-opacity":"","overlay-gradient":""},"tablet":{"background-color":"var(--ast-global-color-5)","background-image":"","background-repeat":"repeat","background-position":"center center","background-size":"auto","background-attachment":"scroll","background-type":"","background-media":"","overlay-type":"","overlay-color":"","overlay-opacity":"","overlay-gradient":""},"mobile":{"background-color":"var(--ast-global-color-5)","background-image":"","background-repeat":"repeat","background-position":"center center","background-size":"auto","background-attachment":"scroll","background-type":"","background-media":"","overlay-type":"","overlay-color":"","overlay-opacity":"","overlay-gradient":""}},"footnotes":""},"class_list":["post-505","page","type-page","status-publish","has-post-thumbnail","hentry"],"yoast_head":"<!-- This site is optimized with the Yoast SEO plugin v27.4 - https:\/\/yoast.com\/product\/yoast-seo-wordpress\/ -->\n<title>Calidad - Inversiones Quiaza<\/title>\n<meta name=\"robots\" content=\"index, follow, max-snippet:-1, max-image-preview:large, max-video-preview:-1\" \/>\n<link rel=\"canonical\" href=\"https:\/\/quiaza.com\/en\/nosotros\/calidad\/\" \/>\n<meta property=\"og:locale\" content=\"en_US\" \/>\n<meta property=\"og:type\" content=\"article\" \/>\n<meta property=\"og:title\" content=\"Calidad - Inversiones Quiaza\" \/>\n<meta property=\"og:description\" content=\"\u00bfQu\u00e9 nos hace diferentes? ISO 22000 Certificaci\u00f3n ISO 22000:2018 emitido por INTERCERT, el cual certifica que nuestro sistema de gesti\u00f3n de Seguridad Alimentaria para el procesamiento de conservas de pescado crudo y cocido en envases de hojalata y vidrio. HACCP Registro FDA POL\u00cdTICA DEL SISTEMA DE CALIDAD E INOCUIDAD Inversiones Quiaza S.A.C. es una empresa [&hellip;]\" \/>\n<meta property=\"og:url\" content=\"https:\/\/quiaza.com\/en\/nosotros\/calidad\/\" \/>\n<meta property=\"og:site_name\" content=\"Inversiones Quiaza\" \/>\n<meta property=\"article:modified_time\" content=\"2023-02-17T20:04:12+00:00\" \/>\n<meta property=\"og:image\" content=\"https:\/\/quiaza.com\/wp-content\/uploads\/2022\/06\/DSC_0102-scaled-e1654898648971.jpg\" \/>\n\t<meta property=\"og:image:width\" content=\"2000\" \/>\n\t<meta property=\"og:image:height\" content=\"1334\" \/>\n\t<meta property=\"og:image:type\" content=\"image\/jpeg\" \/>\n<meta name=\"twitter:card\" content=\"summary_large_image\" \/>\n<meta name=\"twitter:label1\" content=\"Est. reading time\" \/>\n\t<meta name=\"twitter:data1\" content=\"2 minutes\" \/>\n<script type=\"application\/ld+json\" class=\"yoast-schema-graph\">{\"@context\":\"https:\\\/\\\/schema.org\",\"@graph\":[{\"@type\":\"WebPage\",\"@id\":\"https:\\\/\\\/quiaza.com\\\/nosotros\\\/calidad\\\/\",\"url\":\"https:\\\/\\\/quiaza.com\\\/nosotros\\\/calidad\\\/\",\"name\":\"Calidad - Inversiones Quiaza\",\"isPartOf\":{\"@id\":\"https:\\\/\\\/quiaza.com\\\/#website\"},\"primaryImageOfPage\":{\"@id\":\"https:\\\/\\\/quiaza.com\\\/nosotros\\\/calidad\\\/#primaryimage\"},\"image\":{\"@id\":\"https:\\\/\\\/quiaza.com\\\/nosotros\\\/calidad\\\/#primaryimage\"},\"thumbnailUrl\":\"https:\\\/\\\/quiaza.com\\\/wp-content\\\/uploads\\\/2022\\\/06\\\/DSC_0102-scaled-e1654898648971.jpg\",\"datePublished\":\"2022-06-12T06:09:17+00:00\",\"dateModified\":\"2023-02-17T20:04:12+00:00\",\"breadcrumb\":{\"@id\":\"https:\\\/\\\/quiaza.com\\\/nosotros\\\/calidad\\\/#breadcrumb\"},\"inLanguage\":\"en-US\",\"potentialAction\":[{\"@type\":\"ReadAction\",\"target\":[\"https:\\\/\\\/quiaza.com\\\/nosotros\\\/calidad\\\/\"]}]},{\"@type\":\"ImageObject\",\"inLanguage\":\"en-US\",\"@id\":\"https:\\\/\\\/quiaza.com\\\/nosotros\\\/calidad\\\/#primaryimage\",\"url\":\"https:\\\/\\\/quiaza.com\\\/wp-content\\\/uploads\\\/2022\\\/06\\\/DSC_0102-scaled-e1654898648971.jpg\",\"contentUrl\":\"https:\\\/\\\/quiaza.com\\\/wp-content\\\/uploads\\\/2022\\\/06\\\/DSC_0102-scaled-e1654898648971.jpg\",\"width\":2000,\"height\":1334},{\"@type\":\"BreadcrumbList\",\"@id\":\"https:\\\/\\\/quiaza.com\\\/nosotros\\\/calidad\\\/#breadcrumb\",\"itemListElement\":[{\"@type\":\"ListItem\",\"position\":1,\"name\":\"Inicio\",\"item\":\"https:\\\/\\\/quiaza.com\\\/\"},{\"@type\":\"ListItem\",\"position\":2,\"name\":\"Nosotros\",\"item\":\"https:\\\/\\\/quiaza.com\\\/nosotros\\\/\"},{\"@type\":\"ListItem\",\"position\":3,\"name\":\"Calidad\"}]},{\"@type\":\"WebSite\",\"@id\":\"https:\\\/\\\/quiaza.com\\\/#website\",\"url\":\"https:\\\/\\\/quiaza.com\\\/\",\"name\":\"Inversiones Quiaza\",\"description\":\"\",\"publisher\":{\"@id\":\"https:\\\/\\\/quiaza.com\\\/#organization\"},\"potentialAction\":[{\"@type\":\"SearchAction\",\"target\":{\"@type\":\"EntryPoint\",\"urlTemplate\":\"https:\\\/\\\/quiaza.com\\\/?s={search_term_string}\"},\"query-input\":{\"@type\":\"PropertyValueSpecification\",\"valueRequired\":true,\"valueName\":\"search_term_string\"}}],\"inLanguage\":\"en-US\"},{\"@type\":\"Organization\",\"@id\":\"https:\\\/\\\/quiaza.com\\\/#organization\",\"name\":\"Inversiones Quiaza\",\"url\":\"https:\\\/\\\/quiaza.com\\\/\",\"logo\":{\"@type\":\"ImageObject\",\"inLanguage\":\"en-US\",\"@id\":\"https:\\\/\\\/quiaza.com\\\/#\\\/schema\\\/logo\\\/image\\\/\",\"url\":\"https:\\\/\\\/quiaza.com\\\/wp-content\\\/uploads\\\/2022\\\/05\\\/logo1.svg\",\"contentUrl\":\"https:\\\/\\\/quiaza.com\\\/wp-content\\\/uploads\\\/2022\\\/05\\\/logo1.svg\",\"width\":194,\"height\":26,\"caption\":\"Inversiones Quiaza\"},\"image\":{\"@id\":\"https:\\\/\\\/quiaza.com\\\/#\\\/schema\\\/logo\\\/image\\\/\"}}]}<\/script>\n<!-- \/ Yoast SEO plugin. -->","yoast_head_json":{"title":"Calidad - Inversiones Quiaza","robots":{"index":"index","follow":"follow","max-snippet":"max-snippet:-1","max-image-preview":"max-image-preview:large","max-video-preview":"max-video-preview:-1"},"canonical":"https:\/\/quiaza.com\/en\/nosotros\/calidad\/","og_locale":"en_US","og_type":"article","og_title":"Calidad - Inversiones Quiaza","og_description":"\u00bfQu\u00e9 nos hace diferentes? ISO 22000 Certificaci\u00f3n ISO 22000:2018 emitido por INTERCERT, el cual certifica que nuestro sistema de gesti\u00f3n de Seguridad Alimentaria para el procesamiento de conservas de pescado crudo y cocido en envases de hojalata y vidrio. HACCP Registro FDA POL\u00cdTICA DEL SISTEMA DE CALIDAD E INOCUIDAD Inversiones Quiaza S.A.C. es una empresa [&hellip;]","og_url":"https:\/\/quiaza.com\/en\/nosotros\/calidad\/","og_site_name":"Inversiones Quiaza","article_modified_time":"2023-02-17T20:04:12+00:00","og_image":[{"width":2000,"height":1334,"url":"https:\/\/quiaza.com\/wp-content\/uploads\/2022\/06\/DSC_0102-scaled-e1654898648971.jpg","type":"image\/jpeg"}],"twitter_card":"summary_large_image","twitter_misc":{"Est. reading time":"2 minutes"},"schema":{"@context":"https:\/\/schema.org","@graph":[{"@type":"WebPage","@id":"https:\/\/quiaza.com\/nosotros\/calidad\/","url":"https:\/\/quiaza.com\/nosotros\/calidad\/","name":"Calidad - Inversiones Quiaza","isPartOf":{"@id":"https:\/\/quiaza.com\/#website"},"primaryImageOfPage":{"@id":"https:\/\/quiaza.com\/nosotros\/calidad\/#primaryimage"},"image":{"@id":"https:\/\/quiaza.com\/nosotros\/calidad\/#primaryimage"},"thumbnailUrl":"https:\/\/quiaza.com\/wp-content\/uploads\/2022\/06\/DSC_0102-scaled-e1654898648971.jpg","datePublished":"2022-06-12T06:09:17+00:00","dateModified":"2023-02-17T20:04:12+00:00","breadcrumb":{"@id":"https:\/\/quiaza.com\/nosotros\/calidad\/#breadcrumb"},"inLanguage":"en-US","potentialAction":[{"@type":"ReadAction","target":["https:\/\/quiaza.com\/nosotros\/calidad\/"]}]},{"@type":"ImageObject","inLanguage":"en-US","@id":"https:\/\/quiaza.com\/nosotros\/calidad\/#primaryimage","url":"https:\/\/quiaza.com\/wp-content\/uploads\/2022\/06\/DSC_0102-scaled-e1654898648971.jpg","contentUrl":"https:\/\/quiaza.com\/wp-content\/uploads\/2022\/06\/DSC_0102-scaled-e1654898648971.jpg","width":2000,"height":1334},{"@type":"BreadcrumbList","@id":"https:\/\/quiaza.com\/nosotros\/calidad\/#breadcrumb","itemListElement":[{"@type":"ListItem","position":1,"name":"Inicio","item":"https:\/\/quiaza.com\/"},{"@type":"ListItem","position":2,"name":"Nosotros","item":"https:\/\/quiaza.com\/nosotros\/"},{"@type":"ListItem","position":3,"name":"Calidad"}]},{"@type":"WebSite","@id":"https:\/\/quiaza.com\/#website","url":"https:\/\/quiaza.com\/","name":"Inversiones Quiaza","description":"","publisher":{"@id":"https:\/\/quiaza.com\/#organization"},"potentialAction":[{"@type":"SearchAction","target":{"@type":"EntryPoint","urlTemplate":"https:\/\/quiaza.com\/?s={search_term_string}"},"query-input":{"@type":"PropertyValueSpecification","valueRequired":true,"valueName":"search_term_string"}}],"inLanguage":"en-US"},{"@type":"Organization","@id":"https:\/\/quiaza.com\/#organization","name":"Inversiones Quiaza","url":"https:\/\/quiaza.com\/","logo":{"@type":"ImageObject","inLanguage":"en-US","@id":"https:\/\/quiaza.com\/#\/schema\/logo\/image\/","url":"https:\/\/quiaza.com\/wp-content\/uploads\/2022\/05\/logo1.svg","contentUrl":"https:\/\/quiaza.com\/wp-content\/uploads\/2022\/05\/logo1.svg","width":194,"height":26,"caption":"Inversiones Quiaza"},"image":{"@id":"https:\/\/quiaza.com\/#\/schema\/logo\/image\/"}}]}},"_links":{"self":[{"href":"https:\/\/quiaza.com\/en\/wp-json\/wp\/v2\/pages\/505","targetHints":{"allow":["GET"]}}],"collection":[{"href":"https:\/\/quiaza.com\/en\/wp-json\/wp\/v2\/pages"}],"about":[{"href":"https:\/\/quiaza.com\/en\/wp-json\/wp\/v2\/types\/page"}],"author":[{"embeddable":true,"href":"https:\/\/quiaza.com\/en\/wp-json\/wp\/v2\/users\/1"}],"replies":[{"embeddable":true,"href":"https:\/\/quiaza.com\/en\/wp-json\/wp\/v2\/comments?post=505"}],"version-history":[{"count":23,"href":"https:\/\/quiaza.com\/en\/wp-json\/wp\/v2\/pages\/505\/revisions"}],"predecessor-version":[{"id":1454,"href":"https:\/\/quiaza.com\/en\/wp-json\/wp\/v2\/pages\/505\/revisions\/1454"}],"up":[{"embeddable":true,"href":"https:\/\/quiaza.com\/en\/wp-json\/wp\/v2\/pages\/319"}],"wp:featuredmedia":[{"embeddable":true,"href":"https:\/\/quiaza.com\/en\/wp-json\/wp\/v2\/media\/282"}],"wp:attachment":[{"href":"https:\/\/quiaza.com\/en\/wp-json\/wp\/v2\/media?parent=505"}],"curies":[{"name":"wp","href":"https:\/\/api.w.org\/{rel}","templated":true}]}}