{"id":848,"date":"2022-06-13T07:26:12","date_gmt":"2022-06-13T12:26:12","guid":{"rendered":"https:\/\/www.inversionesquiaza.com\/?page_id=848"},"modified":"2023-02-17T15:03:15","modified_gmt":"2023-02-17T20:03:15","slug":"socios-grupos-de-interes","status":"publish","type":"page","link":"https:\/\/quiaza.com\/en\/nosotros\/socios-grupos-de-interes\/","title":{"rendered":"Partners"},"content":{"rendered":"<div data-elementor-type=\"wp-page\" data-elementor-id=\"848\" class=\"elementor elementor-848\" data-elementor-post-type=\"page\">\n\t\t\t\t\t\t<section class=\"elementor-section elementor-top-section elementor-element elementor-element-f6e1466 elementor-section-height-min-height elementor-section-boxed elementor-section-height-default elementor-section-items-middle\" data-id=\"f6e1466\" data-element_type=\"section\" data-e-type=\"section\" data-settings=\"{&quot;background_background&quot;:&quot;classic&quot;}\">\n\t\t\t\t\t\t\t<div class=\"elementor-background-overlay\"><\/div>\n\t\t\t\t\t\t\t<div class=\"elementor-container elementor-column-gap-default\">\n\t\t\t\t\t<div class=\"elementor-column elementor-col-100 elementor-top-column elementor-element elementor-element-13fd4e5\" data-id=\"13fd4e5\" data-element_type=\"column\" data-e-type=\"column\">\n\t\t\t<div class=\"elementor-widget-wrap elementor-element-populated\">\n\t\t\t\t\t\t\t<\/div>\n\t\t<\/div>\n\t\t\t\t\t<\/div>\n\t\t<\/section>\n\t\t\t\t<section class=\"elementor-section elementor-top-section elementor-element elementor-element-31a9e7c elementor-section-boxed elementor-section-height-default elementor-section-height-default\" data-id=\"31a9e7c\" data-element_type=\"section\" data-e-type=\"section\" data-settings=\"{&quot;background_background&quot;:&quot;classic&quot;}\">\n\t\t\t\t\t\t<div class=\"elementor-container elementor-column-gap-default\">\n\t\t\t\t\t<div class=\"elementor-column elementor-col-100 elementor-top-column elementor-element elementor-element-98fd538\" data-id=\"98fd538\" data-element_type=\"column\" data-e-type=\"column\">\n\t\t\t<div class=\"elementor-widget-wrap elementor-element-populated\">\n\t\t\t\t\t\t<div class=\"elementor-element elementor-element-a153d01 elementor-widget elementor-widget-breadcrumbs\" data-id=\"a153d01\" data-element_type=\"widget\" data-e-type=\"widget\" data-widget_type=\"breadcrumbs.default\">\n\t\t\t\t<div class=\"elementor-widget-container\">\n\t\t\t\t\t<p id=\"breadcrumbs\"><span><span><a href=\"https:\/\/quiaza.com\/en\/\">Home<\/a><\/span><\/span><\/p>\t\t\t\t<\/div>\n\t\t\t\t<\/div>\n\t\t\t\t\t<\/div>\n\t\t<\/div>\n\t\t\t\t\t<\/div>\n\t\t<\/section>\n\t\t\t\t<section class=\"elementor-section elementor-top-section elementor-element elementor-element-a0db3c7 elementor-section-boxed elementor-section-height-default elementor-section-height-default\" data-id=\"a0db3c7\" data-element_type=\"section\" data-e-type=\"section\">\n\t\t\t\t\t\t<div class=\"elementor-container elementor-column-gap-default\">\n\t\t\t\t\t<div class=\"elementor-column elementor-col-50 elementor-top-column elementor-element elementor-element-d59b6e3\" data-id=\"d59b6e3\" data-element_type=\"column\" data-e-type=\"column\">\n\t\t\t<div class=\"elementor-widget-wrap elementor-element-populated\">\n\t\t\t\t\t\t<div class=\"elementor-element elementor-element-0b563f1 elementor-widget elementor-widget-heading\" data-id=\"0b563f1\" data-element_type=\"widget\" data-e-type=\"widget\" data-widget_type=\"heading.default\">\n\t\t\t\t<div class=\"elementor-widget-container\">\n\t\t\t\t\t<h2 class=\"elementor-heading-title elementor-size-default\">Those who believe and trust in us<\/h2>\t\t\t\t<\/div>\n\t\t\t\t<\/div>\n\t\t\t\t\t<\/div>\n\t\t<\/div>\n\t\t\t\t<div class=\"elementor-column elementor-col-50 elementor-top-column elementor-element elementor-element-398f2c9\" data-id=\"398f2c9\" data-element_type=\"column\" data-e-type=\"column\">\n\t\t\t<div class=\"elementor-widget-wrap elementor-element-populated\">\n\t\t\t\t\t\t<div class=\"elementor-element elementor-element-1f451a5 elementor-widget elementor-widget-text-editor\" data-id=\"1f451a5\" data-element_type=\"widget\" data-e-type=\"widget\" data-widget_type=\"text-editor.default\">\n\t\t\t\t<div class=\"elementor-widget-container\">\n\t\t\t\t\t\t\t\t\t<p><span style=\"font-weight: 400;\">We work with excellent suppliers and we are still the best option for our customers. <\/span><\/p><ul><li style=\"font-weight: 400;\" aria-level=\"1\"><span style=\"font-weight: 400;\">Fish extraction<\/span><ul><li style=\"font-weight: 400;\" aria-level=\"2\"><span style=\"font-weight: 400;\">PESQUERA EXALMAR S.A.A<\/span><\/li><li style=\"font-weight: 400;\" aria-level=\"2\"><span style=\"font-weight: 400;\">AUSTRAL GROUP S.A.A<\/span><\/li><li style=\"font-weight: 400;\" aria-level=\"2\"><span style=\"font-weight: 400;\">COLPEX INTERNATIONAL S.A.C<\/span><\/li><li style=\"font-weight: 400;\" aria-level=\"2\"><span style=\"font-weight: 400;\">PESQUERA DIAMANTE S.A<\/span><\/li><\/ul><\/li><li style=\"font-weight: 400;\" aria-level=\"1\"><span style=\"font-weight: 400;\">Fish meal<\/span><ul><li style=\"font-weight: 400;\" aria-level=\"2\"><span style=\"font-weight: 400;\">PRODUCTORA AMG S..A.C<\/span><\/li><li style=\"font-weight: 400;\" aria-level=\"2\"><span style=\"font-weight: 400;\">PACIFIC NET TRADING S.A.C<\/span><\/li><li style=\"font-weight: 400;\" aria-level=\"2\"><span style=\"font-weight: 400;\">VELCOPEX CORPORATION S.AC<\/span><\/li><\/ul><\/li><li style=\"font-weight: 400;\" aria-level=\"1\"><span style=\"font-weight: 400;\">Canned Fish<\/span><ul><li style=\"font-weight: 400;\" aria-level=\"2\"><span style=\"font-weight: 400;\">FUTURE NUTRITION S.A.C<\/span><\/li><li style=\"font-weight: 400;\" aria-level=\"2\"><span style=\"font-weight: 400;\">SOLUCIONES ALIMENTICIAS S.A.C<\/span><\/li><li style=\"font-weight: 400;\" aria-level=\"2\"><span style=\"font-weight: 400;\">CORPORACIONES BANDALONA S.A.C<\/span><\/li><\/ul><\/li><\/ul>\t\t\t\t\t\t\t\t<\/div>\n\t\t\t\t<\/div>\n\t\t\t\t\t<\/div>\n\t\t<\/div>\n\t\t\t\t\t<\/div>\n\t\t<\/section>\n\t\t\t\t<\/div>","protected":false},"excerpt":{"rendered":"<p>Quienes creen y conf\u00edan en nosotros Trabajamos con proveedores de excelencia y continuamos siendo la mejor opci\u00f3n para nuestros clientes. Pesca PESQUERA EXALMAR S.A.A AUSTRAL GROUP S.A.A COLPEX INTERNATIONAL S.A.C PESQUERA DIAMANTE S.A Harina PRODUCTORA AMG S..A.C PACIFIC NET TRADING S.A.C VELCOPEX CORPORATION S.AC Conservas\u00a0 ( Proveedores de Qaliwarma) FUTURE NUTRITION S.A.C SOLUCIONES ALIMENTICIAS S.A.C [&hellip;]<\/p>\n","protected":false},"author":1,"featured_media":283,"parent":319,"menu_order":0,"comment_status":"closed","ping_status":"closed","template":"elementor_header_footer","meta":{"site-sidebar-layout":"no-sidebar","site-content-layout":"page-builder","ast-site-content-layout":"default","site-content-style":"default","site-sidebar-style":"default","ast-global-header-display":"","ast-banner-title-visibility":"","ast-main-header-display":"","ast-hfb-above-header-display":"","ast-hfb-below-header-display":"","ast-hfb-mobile-header-display":"","site-post-title":"disabled","ast-breadcrumbs-content":"","ast-featured-img":"disabled","footer-sml-layout":"","ast-disable-related-posts":"","theme-transparent-header-meta":"default","adv-header-id-meta":"","stick-header-meta":"default","header-above-stick-meta":"","header-main-stick-meta":"","header-below-stick-meta":"","astra-migrate-meta-layouts":"default","ast-page-background-enabled":"default","ast-page-background-meta":{"desktop":{"background-color":"var(--ast-global-color-4)","background-image":"","background-repeat":"repeat","background-position":"center center","background-size":"auto","background-attachment":"scroll","background-type":"","background-media":"","overlay-type":"","overlay-color":"","overlay-opacity":"","overlay-gradient":""},"tablet":{"background-color":"","background-image":"","background-repeat":"repeat","background-position":"center center","background-size":"auto","background-attachment":"scroll","background-type":"","background-media":"","overlay-type":"","overlay-color":"","overlay-opacity":"","overlay-gradient":""},"mobile":{"background-color":"","background-image":"","background-repeat":"repeat","background-position":"center center","background-size":"auto","background-attachment":"scroll","background-type":"","background-media":"","overlay-type":"","overlay-color":"","overlay-opacity":"","overlay-gradient":""}},"ast-content-background-meta":{"desktop":{"background-color":"var(--ast-global-color-5)","background-image":"","background-repeat":"repeat","background-position":"center center","background-size":"auto","background-attachment":"scroll","background-type":"","background-media":"","overlay-type":"","overlay-color":"","overlay-opacity":"","overlay-gradient":""},"tablet":{"background-color":"var(--ast-global-color-5)","background-image":"","background-repeat":"repeat","background-position":"center center","background-size":"auto","background-attachment":"scroll","background-type":"","background-media":"","overlay-type":"","overlay-color":"","overlay-opacity":"","overlay-gradient":""},"mobile":{"background-color":"var(--ast-global-color-5)","background-image":"","background-repeat":"repeat","background-position":"center center","background-size":"auto","background-attachment":"scroll","background-type":"","background-media":"","overlay-type":"","overlay-color":"","overlay-opacity":"","overlay-gradient":""}},"footnotes":""},"class_list":["post-848","page","type-page","status-publish","has-post-thumbnail","hentry"],"yoast_head":"<!-- This site is optimized with the Yoast SEO plugin v27.4 - https:\/\/yoast.com\/product\/yoast-seo-wordpress\/ -->\n<title>Socios | Grupos de inter\u00e9s - Inversiones Quiaza<\/title>\n<meta name=\"robots\" content=\"index, follow, max-snippet:-1, max-image-preview:large, max-video-preview:-1\" \/>\n<link rel=\"canonical\" href=\"https:\/\/quiaza.com\/en\/nosotros\/socios-grupos-de-interes\/\" \/>\n<meta property=\"og:locale\" content=\"en_US\" \/>\n<meta property=\"og:type\" content=\"article\" \/>\n<meta property=\"og:title\" content=\"Socios | Grupos de inter\u00e9s - Inversiones Quiaza\" \/>\n<meta property=\"og:description\" content=\"Quienes creen y conf\u00edan en nosotros Trabajamos con proveedores de excelencia y continuamos siendo la mejor opci\u00f3n para nuestros clientes. Pesca PESQUERA EXALMAR S.A.A AUSTRAL GROUP S.A.A COLPEX INTERNATIONAL S.A.C PESQUERA DIAMANTE S.A Harina PRODUCTORA AMG S..A.C PACIFIC NET TRADING S.A.C VELCOPEX CORPORATION S.AC Conservas\u00a0 ( Proveedores de Qaliwarma) FUTURE NUTRITION S.A.C SOLUCIONES ALIMENTICIAS S.A.C [&hellip;]\" \/>\n<meta property=\"og:url\" content=\"https:\/\/quiaza.com\/en\/nosotros\/socios-grupos-de-interes\/\" \/>\n<meta property=\"og:site_name\" content=\"Inversiones Quiaza\" \/>\n<meta property=\"article:modified_time\" content=\"2023-02-17T20:03:15+00:00\" \/>\n<meta property=\"og:image\" content=\"https:\/\/quiaza.com\/wp-content\/uploads\/2022\/06\/DSC_0127-scaled-e1654898718768.jpg\" \/>\n\t<meta property=\"og:image:width\" content=\"2000\" \/>\n\t<meta property=\"og:image:height\" content=\"1334\" \/>\n\t<meta property=\"og:image:type\" content=\"image\/jpeg\" \/>\n<meta name=\"twitter:card\" content=\"summary_large_image\" \/>\n<meta name=\"twitter:label1\" content=\"Est. reading time\" \/>\n\t<meta name=\"twitter:data1\" content=\"1 minute\" \/>\n<script type=\"application\/ld+json\" class=\"yoast-schema-graph\">{\"@context\":\"https:\\\/\\\/schema.org\",\"@graph\":[{\"@type\":\"WebPage\",\"@id\":\"https:\\\/\\\/quiaza.com\\\/nosotros\\\/socios-grupos-de-interes\\\/\",\"url\":\"https:\\\/\\\/quiaza.com\\\/nosotros\\\/socios-grupos-de-interes\\\/\",\"name\":\"Socios | Grupos de inter\u00e9s - Inversiones Quiaza\",\"isPartOf\":{\"@id\":\"https:\\\/\\\/quiaza.com\\\/#website\"},\"primaryImageOfPage\":{\"@id\":\"https:\\\/\\\/quiaza.com\\\/nosotros\\\/socios-grupos-de-interes\\\/#primaryimage\"},\"image\":{\"@id\":\"https:\\\/\\\/quiaza.com\\\/nosotros\\\/socios-grupos-de-interes\\\/#primaryimage\"},\"thumbnailUrl\":\"https:\\\/\\\/quiaza.com\\\/wp-content\\\/uploads\\\/2022\\\/06\\\/DSC_0127-scaled-e1654898718768.jpg\",\"datePublished\":\"2022-06-13T12:26:12+00:00\",\"dateModified\":\"2023-02-17T20:03:15+00:00\",\"breadcrumb\":{\"@id\":\"https:\\\/\\\/quiaza.com\\\/nosotros\\\/socios-grupos-de-interes\\\/#breadcrumb\"},\"inLanguage\":\"en-US\",\"potentialAction\":[{\"@type\":\"ReadAction\",\"target\":[\"https:\\\/\\\/quiaza.com\\\/nosotros\\\/socios-grupos-de-interes\\\/\"]}]},{\"@type\":\"ImageObject\",\"inLanguage\":\"en-US\",\"@id\":\"https:\\\/\\\/quiaza.com\\\/nosotros\\\/socios-grupos-de-interes\\\/#primaryimage\",\"url\":\"https:\\\/\\\/quiaza.com\\\/wp-content\\\/uploads\\\/2022\\\/06\\\/DSC_0127-scaled-e1654898718768.jpg\",\"contentUrl\":\"https:\\\/\\\/quiaza.com\\\/wp-content\\\/uploads\\\/2022\\\/06\\\/DSC_0127-scaled-e1654898718768.jpg\",\"width\":2000,\"height\":1334},{\"@type\":\"BreadcrumbList\",\"@id\":\"https:\\\/\\\/quiaza.com\\\/nosotros\\\/socios-grupos-de-interes\\\/#breadcrumb\",\"itemListElement\":[{\"@type\":\"ListItem\",\"position\":1,\"name\":\"Inicio\",\"item\":\"https:\\\/\\\/quiaza.com\\\/\"},{\"@type\":\"ListItem\",\"position\":2,\"name\":\"Nosotros\",\"item\":\"https:\\\/\\\/quiaza.com\\\/nosotros\\\/\"},{\"@type\":\"ListItem\",\"position\":3,\"name\":\"Socios | Grupos de inter\u00e9s\"}]},{\"@type\":\"WebSite\",\"@id\":\"https:\\\/\\\/quiaza.com\\\/#website\",\"url\":\"https:\\\/\\\/quiaza.com\\\/\",\"name\":\"Inversiones Quiaza\",\"description\":\"\",\"publisher\":{\"@id\":\"https:\\\/\\\/quiaza.com\\\/#organization\"},\"potentialAction\":[{\"@type\":\"SearchAction\",\"target\":{\"@type\":\"EntryPoint\",\"urlTemplate\":\"https:\\\/\\\/quiaza.com\\\/?s={search_term_string}\"},\"query-input\":{\"@type\":\"PropertyValueSpecification\",\"valueRequired\":true,\"valueName\":\"search_term_string\"}}],\"inLanguage\":\"en-US\"},{\"@type\":\"Organization\",\"@id\":\"https:\\\/\\\/quiaza.com\\\/#organization\",\"name\":\"Inversiones Quiaza\",\"url\":\"https:\\\/\\\/quiaza.com\\\/\",\"logo\":{\"@type\":\"ImageObject\",\"inLanguage\":\"en-US\",\"@id\":\"https:\\\/\\\/quiaza.com\\\/#\\\/schema\\\/logo\\\/image\\\/\",\"url\":\"https:\\\/\\\/quiaza.com\\\/wp-content\\\/uploads\\\/2022\\\/05\\\/logo1.svg\",\"contentUrl\":\"https:\\\/\\\/quiaza.com\\\/wp-content\\\/uploads\\\/2022\\\/05\\\/logo1.svg\",\"width\":194,\"height\":26,\"caption\":\"Inversiones Quiaza\"},\"image\":{\"@id\":\"https:\\\/\\\/quiaza.com\\\/#\\\/schema\\\/logo\\\/image\\\/\"}}]}<\/script>\n<!-- \/ Yoast SEO plugin. -->","yoast_head_json":{"title":"Socios | Grupos de inter\u00e9s - Inversiones Quiaza","robots":{"index":"index","follow":"follow","max-snippet":"max-snippet:-1","max-image-preview":"max-image-preview:large","max-video-preview":"max-video-preview:-1"},"canonical":"https:\/\/quiaza.com\/en\/nosotros\/socios-grupos-de-interes\/","og_locale":"en_US","og_type":"article","og_title":"Socios | Grupos de inter\u00e9s - Inversiones Quiaza","og_description":"Quienes creen y conf\u00edan en nosotros Trabajamos con proveedores de excelencia y continuamos siendo la mejor opci\u00f3n para nuestros clientes. Pesca PESQUERA EXALMAR S.A.A AUSTRAL GROUP S.A.A COLPEX INTERNATIONAL S.A.C PESQUERA DIAMANTE S.A Harina PRODUCTORA AMG S..A.C PACIFIC NET TRADING S.A.C VELCOPEX CORPORATION S.AC Conservas\u00a0 ( Proveedores de Qaliwarma) FUTURE NUTRITION S.A.C SOLUCIONES ALIMENTICIAS S.A.C [&hellip;]","og_url":"https:\/\/quiaza.com\/en\/nosotros\/socios-grupos-de-interes\/","og_site_name":"Inversiones Quiaza","article_modified_time":"2023-02-17T20:03:15+00:00","og_image":[{"width":2000,"height":1334,"url":"https:\/\/quiaza.com\/wp-content\/uploads\/2022\/06\/DSC_0127-scaled-e1654898718768.jpg","type":"image\/jpeg"}],"twitter_card":"summary_large_image","twitter_misc":{"Est. reading time":"1 minute"},"schema":{"@context":"https:\/\/schema.org","@graph":[{"@type":"WebPage","@id":"https:\/\/quiaza.com\/nosotros\/socios-grupos-de-interes\/","url":"https:\/\/quiaza.com\/nosotros\/socios-grupos-de-interes\/","name":"Socios | Grupos de inter\u00e9s - Inversiones Quiaza","isPartOf":{"@id":"https:\/\/quiaza.com\/#website"},"primaryImageOfPage":{"@id":"https:\/\/quiaza.com\/nosotros\/socios-grupos-de-interes\/#primaryimage"},"image":{"@id":"https:\/\/quiaza.com\/nosotros\/socios-grupos-de-interes\/#primaryimage"},"thumbnailUrl":"https:\/\/quiaza.com\/wp-content\/uploads\/2022\/06\/DSC_0127-scaled-e1654898718768.jpg","datePublished":"2022-06-13T12:26:12+00:00","dateModified":"2023-02-17T20:03:15+00:00","breadcrumb":{"@id":"https:\/\/quiaza.com\/nosotros\/socios-grupos-de-interes\/#breadcrumb"},"inLanguage":"en-US","potentialAction":[{"@type":"ReadAction","target":["https:\/\/quiaza.com\/nosotros\/socios-grupos-de-interes\/"]}]},{"@type":"ImageObject","inLanguage":"en-US","@id":"https:\/\/quiaza.com\/nosotros\/socios-grupos-de-interes\/#primaryimage","url":"https:\/\/quiaza.com\/wp-content\/uploads\/2022\/06\/DSC_0127-scaled-e1654898718768.jpg","contentUrl":"https:\/\/quiaza.com\/wp-content\/uploads\/2022\/06\/DSC_0127-scaled-e1654898718768.jpg","width":2000,"height":1334},{"@type":"BreadcrumbList","@id":"https:\/\/quiaza.com\/nosotros\/socios-grupos-de-interes\/#breadcrumb","itemListElement":[{"@type":"ListItem","position":1,"name":"Inicio","item":"https:\/\/quiaza.com\/"},{"@type":"ListItem","position":2,"name":"Nosotros","item":"https:\/\/quiaza.com\/nosotros\/"},{"@type":"ListItem","position":3,"name":"Socios | Grupos de inter\u00e9s"}]},{"@type":"WebSite","@id":"https:\/\/quiaza.com\/#website","url":"https:\/\/quiaza.com\/","name":"Inversiones Quiaza","description":"","publisher":{"@id":"https:\/\/quiaza.com\/#organization"},"potentialAction":[{"@type":"SearchAction","target":{"@type":"EntryPoint","urlTemplate":"https:\/\/quiaza.com\/?s={search_term_string}"},"query-input":{"@type":"PropertyValueSpecification","valueRequired":true,"valueName":"search_term_string"}}],"inLanguage":"en-US"},{"@type":"Organization","@id":"https:\/\/quiaza.com\/#organization","name":"Inversiones Quiaza","url":"https:\/\/quiaza.com\/","logo":{"@type":"ImageObject","inLanguage":"en-US","@id":"https:\/\/quiaza.com\/#\/schema\/logo\/image\/","url":"https:\/\/quiaza.com\/wp-content\/uploads\/2022\/05\/logo1.svg","contentUrl":"https:\/\/quiaza.com\/wp-content\/uploads\/2022\/05\/logo1.svg","width":194,"height":26,"caption":"Inversiones Quiaza"},"image":{"@id":"https:\/\/quiaza.com\/#\/schema\/logo\/image\/"}}]}},"_links":{"self":[{"href":"https:\/\/quiaza.com\/en\/wp-json\/wp\/v2\/pages\/848","targetHints":{"allow":["GET"]}}],"collection":[{"href":"https:\/\/quiaza.com\/en\/wp-json\/wp\/v2\/pages"}],"about":[{"href":"https:\/\/quiaza.com\/en\/wp-json\/wp\/v2\/types\/page"}],"author":[{"embeddable":true,"href":"https:\/\/quiaza.com\/en\/wp-json\/wp\/v2\/users\/1"}],"replies":[{"embeddable":true,"href":"https:\/\/quiaza.com\/en\/wp-json\/wp\/v2\/comments?post=848"}],"version-history":[{"count":11,"href":"https:\/\/quiaza.com\/en\/wp-json\/wp\/v2\/pages\/848\/revisions"}],"predecessor-version":[{"id":1451,"href":"https:\/\/quiaza.com\/en\/wp-json\/wp\/v2\/pages\/848\/revisions\/1451"}],"up":[{"embeddable":true,"href":"https:\/\/quiaza.com\/en\/wp-json\/wp\/v2\/pages\/319"}],"wp:featuredmedia":[{"embeddable":true,"href":"https:\/\/quiaza.com\/en\/wp-json\/wp\/v2\/media\/283"}],"wp:attachment":[{"href":"https:\/\/quiaza.com\/en\/wp-json\/wp\/v2\/media?parent=848"}],"curies":[{"name":"wp","href":"https:\/\/api.w.org\/{rel}","templated":true}]}}